{"id":29,"date":"2018-06-16T21:25:19","date_gmt":"2018-06-16T21:25:19","guid":{"rendered":"http:\/\/nicoleundgregor.com\/?page_id=29"},"modified":"2025-02-10T09:55:35","modified_gmt":"2025-02-10T09:55:35","slug":"kontakt","status":"publish","type":"page","link":"http:\/\/gasthof-ritter.info\/?page_id=29","title":{"rendered":"Kontakt"},"content":{"rendered":"<h3><u>Kontakt<\/u><\/h3>\n<p>Gasthof Ritter<br \/>\nHauptstra\u00dfe 25<br \/>\n92256 Hahnbach<\/p>\n<p>Tel. 09664 \/ 216<br \/>\nMobil 0170 \/ 8715525<br \/>\nE- Mail:\u00a0<a href=\"mailto:Reservierung@Gasthof-Ritter.info\">Reservierung@Gasthof-Ritter.info<\/a><\/p>\n<h3><u>\u00d6ffnungszeiten<\/u><\/h3>\n<ul>\n<li>Wir \u00f6ffnen nach Vereinbarung. Rufen Sie uns gerne an.<\/li>\n<li>Sollten Sie Interesse an einer Veranstaltung in unserem Hause haben, so kontaktieren Sie uns bitte.<\/li>\n<\/ul>\n<h3><u>Reservierung<\/u><\/h3>\n<p>Reservieren k\u00f6nnen sie einfach per Telefon oder Mail. Bitte erlauben Sie uns ein bis zwei Tage Zeit f\u00fcr die Bearbeitung Ihrer Anfrage per Mail.<\/p>\n<p>In dringenden F\u00e4llen rufen Sie uns doch bitte direkt unter 09664 \/ 216 oder 0170 \/ 8715525 an. Wir w\u00fcrden uns freuen sie bald bei uns begr\u00fc\u00dfen zu d\u00fcrfen.<\/p>\n<p>Familie Ritter<\/p>\n","protected":false},"excerpt":{"rendered":"<p>Kontakt Gasthof Ritter Hauptstra\u00dfe 25 92256 Hahnbach Tel. 09664 \/ 216 Mobil 0170 \/ 8715525 E- Mail:\u00a0Reservierung@Gasthof-Ritter.info \u00d6ffnungszeiten Wir \u00f6ffnen nach Vereinbarung. Rufen Sie uns gerne an. Sollten Sie Interesse an einer Veranstaltung in unserem&#8230;<\/p>\n","protected":false},"author":1,"featured_media":0,"parent":0,"menu_order":0,"comment_status":"closed","ping_status":"closed","template":"","meta":{"footnotes":""},"_links":{"self":[{"href":"http:\/\/gasthof-ritter.info\/index.php?rest_route=\/wp\/v2\/pages\/29"}],"collection":[{"href":"http:\/\/gasthof-ritter.info\/index.php?rest_route=\/wp\/v2\/pages"}],"about":[{"href":"http:\/\/gasthof-ritter.info\/index.php?rest_route=\/wp\/v2\/types\/page"}],"author":[{"embeddable":true,"href":"http:\/\/gasthof-ritter.info\/index.php?rest_route=\/wp\/v2\/users\/1"}],"replies":[{"embeddable":true,"href":"http:\/\/gasthof-ritter.info\/index.php?rest_route=%2Fwp%2Fv2%2Fcomments&post=29"}],"version-history":[{"count":7,"href":"http:\/\/gasthof-ritter.info\/index.php?rest_route=\/wp\/v2\/pages\/29\/revisions"}],"predecessor-version":[{"id":72,"href":"http:\/\/gasthof-ritter.info\/index.php?rest_route=\/wp\/v2\/pages\/29\/revisions\/72"}],"wp:attachment":[{"href":"http:\/\/gasthof-ritter.info\/index.php?rest_route=%2Fwp%2Fv2%2Fmedia&parent=29"}],"curies":[{"name":"wp","href":"https:\/\/api.w.org\/{rel}","templated":true}]}}