{"id":23,"date":"2018-06-16T21:23:54","date_gmt":"2018-06-16T21:23:54","guid":{"rendered":"http:\/\/nicoleundgregor.com\/?page_id=23"},"modified":"2023-12-20T10:30:42","modified_gmt":"2023-12-20T10:30:42","slug":"uebernachtung","status":"publish","type":"page","link":"http:\/\/gasthof-ritter.info\/?page_id=23","title":{"rendered":"\u00dcbernachtung"},"content":{"rendered":"<p>Unser Haus verf\u00fcgt \u00fcber 12 G\u00e4stezimmer, die als Einzel-, Doppel- oder Mehrbettzimmer zur Auswahl stehen. Unsere Zimmer sind ausgestattet mit Dusche, WC, Sat. Fernsehen und zum Teil mit Balkon und ISDN- Anschluss.<\/p>\n<p>Fr\u00fchst\u00fcck ist bereits ab 6 Uhr m\u00f6glich<\/p>\n<p><b>Reservierung unter<\/b><br \/>\nTel. 09664 \/ 216<br \/>\nE- Mail: Reservierung@Gasthof-Ritter.info<br \/>\nTelefax: 09664 \/ 95 22 49<\/p>\n<p><b>Unsere Zimmerpreise<\/b><br \/>\nEinzelzimmer 58 \u20ac<br \/>\nDoppelzimmer 76 \u20ac<br \/>\n3-Bettzimmer 100 \u20ac<\/p>\n<p>Appartement (Preis nach Vereinbarung)<br \/>\nZimmerpreise sind excl. Fr\u00fchst\u00fcck (pro Person 12 \u20ac)<br \/>\nSprechen Sie uns f\u00fcr langfristige Aufenthalte an!<\/p>\n<p>Alle unsere Zimmer wurden im Jahr 2013 komplett renoviert.<\/p>\n<p>Parkpl\u00e4tze stehen im Hof zur Verf\u00fcgung.<br \/>\nGetr\u00e4nke erhalten Sie zu g\u00fcnstigen Zimmerpreisen.<\/p>\n","protected":false},"excerpt":{"rendered":"<p>Unser Haus verf\u00fcgt \u00fcber 12 G\u00e4stezimmer, die als Einzel-, Doppel- oder Mehrbettzimmer zur Auswahl stehen. Unsere Zimmer sind ausgestattet mit Dusche, WC, Sat. Fernsehen und zum Teil mit Balkon und ISDN- Anschluss. Fr\u00fchst\u00fcck ist bereits&#8230;<\/p>\n","protected":false},"author":1,"featured_media":0,"parent":0,"menu_order":0,"comment_status":"closed","ping_status":"closed","template":"","meta":{"footnotes":""},"_links":{"self":[{"href":"http:\/\/gasthof-ritter.info\/index.php?rest_route=\/wp\/v2\/pages\/23"}],"collection":[{"href":"http:\/\/gasthof-ritter.info\/index.php?rest_route=\/wp\/v2\/pages"}],"about":[{"href":"http:\/\/gasthof-ritter.info\/index.php?rest_route=\/wp\/v2\/types\/page"}],"author":[{"embeddable":true,"href":"http:\/\/gasthof-ritter.info\/index.php?rest_route=\/wp\/v2\/users\/1"}],"replies":[{"embeddable":true,"href":"http:\/\/gasthof-ritter.info\/index.php?rest_route=%2Fwp%2Fv2%2Fcomments&post=23"}],"version-history":[{"count":6,"href":"http:\/\/gasthof-ritter.info\/index.php?rest_route=\/wp\/v2\/pages\/23\/revisions"}],"predecessor-version":[{"id":68,"href":"http:\/\/gasthof-ritter.info\/index.php?rest_route=\/wp\/v2\/pages\/23\/revisions\/68"}],"wp:attachment":[{"href":"http:\/\/gasthof-ritter.info\/index.php?rest_route=%2Fwp%2Fv2%2Fmedia&parent=23"}],"curies":[{"name":"wp","href":"https:\/\/api.w.org\/{rel}","templated":true}]}}