{"id":2,"date":"2016-05-10T03:48:21","date_gmt":"2016-05-10T03:48:21","guid":{"rendered":"http:\/\/nicoleundgregor.com\/?page_id=2"},"modified":"2023-06-01T17:30:41","modified_gmt":"2023-06-01T17:30:41","slug":"sample-page","status":"publish","type":"page","link":"http:\/\/gasthof-ritter.info\/","title":{"rendered":"Willkommen im Gasthof Ritter"},"content":{"rendered":"<div id=\"Label6\" class=\"Label6_nm\">\n<p>Wir freuen uns, Sie auf unserer Seite begr\u00fc\u00dfen zu d\u00fcrfen und wollen uns kurz vorstellen:<\/p>\n<p>Unser Gastbetrieb l\u00e4sst sich bis ins Mittelalter zur\u00fcckverfolgen. \u00dcber wechselnde Zeiten hinweg wurde die Gastronomie von Generation zu Generation gepflegt, weitergegeben und den Erfordernissen angepasst. So entstand aus einer kleinen Gaststube neben einer Pferdewechselstation bald ein gr\u00f6\u00dferer Wirtsbetrieb mit Saal und Kegelbahnen. \u00dcber ein Jahrhundert lang geh\u00f6rte auch eine eigene Brauerei dazu.<\/p>\n<p>Unser Gasthof verf\u00fcgt \u00fcber eine gem\u00fctliche Gaststube mit Kachelofen, ein kleines Nebenzimmer (bis ca. 16 Personen), ein Nebenzimmer (f\u00fcr bis zu 80 Personen) und einen gro\u00dfen Saal (bis ca. 250 Personen).<\/p>\n<\/div>\n<div id=\"Image12\" class=\"Image12_nm\">Au\u00dferdem haben wir 12 G\u00e4stezimmer, die als Einzel- , Doppel- oder Mehrbettzimmer zur Auswahl stehen.<\/div>\n<div id=\"Label30\" class=\"Label30_nm\">\n<p>Alle unsere Zimmer wurden im Jahr 2013 umfangreich renoviert.<\/p>\n<ul>\n<li>Dar\u00fcberhinaus bieten wir einen gem\u00fctlichen Biergarten\u00a0<b>(im Juli 2009 renoviert)<\/b>.<\/li>\n<li>Drei Bundeskegelbahnen<\/li>\n<li>Ein Behinderten-WC<\/li>\n<li>Parkm\u00f6glichkeiten im Hof<\/li>\n<li>gut b\u00fcrgerliche K\u00fcche mit saisonalen Spezialit\u00e4ten<\/li>\n<\/ul>\n<p>Unser Partyservice liefert Ihnen Braten aller Art, Fisch, H\u00e4hnchen und vieles mehr mit oder ohne Beilagen und Salate.<br \/>\nDie warmen Gerichte werden in Warmhaltebeh\u00e4ltern geliefert.<br \/>\nAuf Wunsch stellen wir Ihnen auch Geschirr und Besteck zur Verf\u00fcgung.<\/p>\n<p>Wir stehen ihnen gerne bei der Ausrichtung von Familienfeiern und Betriebsfesten zur Verf\u00fcgung und w\u00fcrden uns sehr freuen Sie bald bei uns begr\u00fc\u00dfen zu d\u00fcrfen.<\/p>\n<p><strong>\u00d6ffnungszeiten:<\/strong><\/p>\n<ul>\n<li>Montags &#8211; ab 17:00h<\/li>\n<li>Dienstags &#8211; ab 17:00h<\/li>\n<li>Mittwoch &#8211; Ruhetag<\/li>\n<li>Donnerstag &#8211; nur f\u00fcr Gesellschaften mit Anmeldung<\/li>\n<li>Freitag &#8211; ab 17:00h<\/li>\n<li>Samstag &#8211; Ruhetag<\/li>\n<li>Sonntags &#8211; 10:00h &#8211; 14:00h<\/li>\n<\/ul>\n<p>Sollten Sie Interesse an einer Veranstaltung in unserem Hause haben, so kontaktieren Sie uns bitte.<\/p>\n<p>Gasthof Ritter<br \/>\nHauptstra\u00dfe 25<br \/>\n92256 Hahnbach<\/p>\n<p>Tel. 09664 \/ 216<br \/>\nMobil 0170 \/ 8715525<br \/>\nE- Mail: Reservierung@Gasthof-Ritter.info<br \/>\nTelefax: 09664 \/ 95 22 49<\/p>\n<\/div>\n","protected":false},"excerpt":{"rendered":"<p>Wir freuen uns, Sie auf unserer Seite begr\u00fc\u00dfen zu d\u00fcrfen und wollen uns kurz vorstellen: Unser Gastbetrieb l\u00e4sst sich bis ins Mittelalter zur\u00fcckverfolgen. \u00dcber wechselnde Zeiten hinweg wurde die Gastronomie von Generation zu Generation gepflegt,&#8230;<\/p>\n","protected":false},"author":1,"featured_media":0,"parent":0,"menu_order":0,"comment_status":"closed","ping_status":"open","template":"","meta":{"footnotes":""},"_links":{"self":[{"href":"http:\/\/gasthof-ritter.info\/index.php?rest_route=\/wp\/v2\/pages\/2"}],"collection":[{"href":"http:\/\/gasthof-ritter.info\/index.php?rest_route=\/wp\/v2\/pages"}],"about":[{"href":"http:\/\/gasthof-ritter.info\/index.php?rest_route=\/wp\/v2\/types\/page"}],"author":[{"embeddable":true,"href":"http:\/\/gasthof-ritter.info\/index.php?rest_route=\/wp\/v2\/users\/1"}],"replies":[{"embeddable":true,"href":"http:\/\/gasthof-ritter.info\/index.php?rest_route=%2Fwp%2Fv2%2Fcomments&post=2"}],"version-history":[{"count":8,"href":"http:\/\/gasthof-ritter.info\/index.php?rest_route=\/wp\/v2\/pages\/2\/revisions"}],"predecessor-version":[{"id":63,"href":"http:\/\/gasthof-ritter.info\/index.php?rest_route=\/wp\/v2\/pages\/2\/revisions\/63"}],"wp:attachment":[{"href":"http:\/\/gasthof-ritter.info\/index.php?rest_route=%2Fwp%2Fv2%2Fmedia&parent=2"}],"curies":[{"name":"wp","href":"https:\/\/api.w.org\/{rel}","templated":true}]}}